{"id":4729,"date":"2019-07-17T19:56:00","date_gmt":"2019-07-17T17:56:00","guid":{"rendered":"http:\/\/uncaprichoproducciones.com\/politica-de-privacidad\/"},"modified":"2019-07-17T19:56:00","modified_gmt":"2019-07-17T17:56:00","slug":"politica-de-privacidad","status":"publish","type":"page","link":"https:\/\/1capricho.com\/en\/politica-de-privacidad\/","title":{"rendered":"Pol\u00edtica de privacidad"},"content":{"rendered":"<p>En cumplimiento de lo dispuesto en\u00a0<strong>la Ley Org\u00e1nica 15\/1999, de 13 de Diciembre, de Protecci\u00f3n de Datos de Car\u00e1cter Personal (LOPD)\u00a0<\/strong>se informa al usuario que todos los datos que nos proporcione ser\u00e1n incorporados a un fichero, creado y mantenido bajo la responsabilidad de\u00a0Un Capricho de Producciones, S.L.<\/p>\n<p>Siempre<strong>\u00a0se va a respetar la confidencialidad de sus datos personales <\/strong>que s\u00f3lo ser\u00e1n utilizados con la finalidad de gestionar los servicios ofrecidos, atender a las solicitudes que nos plantee, realizar tareas administrativas, as\u00ed como remitir informaci\u00f3n t\u00e9cnica, comercial o publicitaria por v\u00eda ordinaria o electr\u00f3nica.<\/p>\n<p>Para ejercer sus\u00a0<strong>derechos de oposici\u00f3n, rectificaci\u00f3n o cancelaci\u00f3n <\/strong>deber\u00e1 dirigirse a la sede de la empresa Calle Pelayo 12 \u2013 2E 08001 Barcelona, escribirnos al siguiente correo\u00a0hola@uncaprichoproducciones.com\u00a0o llamarnos al\u00a0938082893.<\/p>\n","protected":false},"excerpt":{"rendered":"<p>En cumplimiento de lo dispuesto en\u00a0la Ley Org\u00e1nica 15\/1999, de 13 de Diciembre, de Protecci\u00f3n de Datos [&hellip;]<\/p>\n","protected":false},"author":1,"featured_media":0,"parent":0,"menu_order":0,"comment_status":"closed","ping_status":"closed","template":"","meta":{"_acf_changed":false,"footnotes":""},"class_list":["post-4729","page","type-page","status-publish","hentry"],"acf":[],"yoast_head":"<!-- This site is optimized with the Yoast SEO plugin v27.4 - https:\/\/yoast.com\/product\/yoast-seo-wordpress\/ -->\n<title>Pol\u00edtica de privacidad - Un Capricho de Producciones<\/title>\n<meta name=\"robots\" content=\"noindex, nofollow\" \/>\n<meta property=\"og:locale\" content=\"en_US\" \/>\n<meta property=\"og:type\" content=\"article\" \/>\n<meta property=\"og:title\" content=\"Pol\u00edtica de privacidad - Un Capricho de Producciones\" \/>\n<meta property=\"og:description\" content=\"En cumplimiento de lo dispuesto en\u00a0la Ley Org\u00e1nica 15\/1999, de 13 de Diciembre, de Protecci\u00f3n de Datos [&hellip;]\" \/>\n<meta property=\"og:url\" content=\"https:\/\/1capricho.com\/en\/politica-de-privacidad\/\" \/>\n<meta property=\"og:site_name\" content=\"Un Capricho de Producciones\" \/>\n<meta name=\"twitter:card\" content=\"summary_large_image\" \/>\n<meta name=\"twitter:site\" content=\"@uncaprichode\" \/>\n<meta name=\"twitter:label1\" content=\"Est. reading time\" \/>\n\t<meta name=\"twitter:data1\" content=\"1 minute\" \/>\n<script type=\"application\/ld+json\" class=\"yoast-schema-graph\">{\"@context\":\"https:\\\/\\\/schema.org\",\"@graph\":[{\"@type\":\"WebPage\",\"@id\":\"https:\\\/\\\/1capricho.com\\\/en\\\/politica-de-privacidad\\\/\",\"url\":\"https:\\\/\\\/1capricho.com\\\/en\\\/politica-de-privacidad\\\/\",\"name\":\"Pol\u00edtica de privacidad - Un Capricho de Producciones\",\"isPartOf\":{\"@id\":\"https:\\\/\\\/1capricho.com\\\/#website\"},\"datePublished\":\"2019-07-17T17:56:00+00:00\",\"breadcrumb\":{\"@id\":\"https:\\\/\\\/1capricho.com\\\/en\\\/politica-de-privacidad\\\/#breadcrumb\"},\"inLanguage\":\"en-US\",\"potentialAction\":[{\"@type\":\"ReadAction\",\"target\":[\"https:\\\/\\\/1capricho.com\\\/en\\\/politica-de-privacidad\\\/\"]}]},{\"@type\":\"BreadcrumbList\",\"@id\":\"https:\\\/\\\/1capricho.com\\\/en\\\/politica-de-privacidad\\\/#breadcrumb\",\"itemListElement\":[{\"@type\":\"ListItem\",\"position\":1,\"name\":\"Portada\",\"item\":\"https:\\\/\\\/1capricho.com\\\/en\\\/home-2\\\/\"},{\"@type\":\"ListItem\",\"position\":2,\"name\":\"Pol\u00edtica de privacidad\"}]},{\"@type\":\"WebSite\",\"@id\":\"https:\\\/\\\/1capricho.com\\\/#website\",\"url\":\"https:\\\/\\\/1capricho.com\\\/\",\"name\":\"Un Capricho de Producciones\",\"description\":\"Grandes historias en pantallas de cualquier tama\u00f1o\",\"publisher\":{\"@id\":\"https:\\\/\\\/1capricho.com\\\/#organization\"},\"potentialAction\":[{\"@type\":\"SearchAction\",\"target\":{\"@type\":\"EntryPoint\",\"urlTemplate\":\"https:\\\/\\\/1capricho.com\\\/?s={search_term_string}\"},\"query-input\":{\"@type\":\"PropertyValueSpecification\",\"valueRequired\":true,\"valueName\":\"search_term_string\"}}],\"inLanguage\":\"en-US\"},{\"@type\":\"Organization\",\"@id\":\"https:\\\/\\\/1capricho.com\\\/#organization\",\"name\":\"Un Capricho de Producciones\",\"url\":\"https:\\\/\\\/1capricho.com\\\/\",\"logo\":{\"@type\":\"ImageObject\",\"inLanguage\":\"en-US\",\"@id\":\"https:\\\/\\\/1capricho.com\\\/#\\\/schema\\\/logo\\\/image\\\/\",\"url\":\"https:\\\/\\\/1capricho.com\\\/wp-content\\\/uploads\\\/2019\\\/07\\\/logo-un-capricho-producciones-2.png\",\"contentUrl\":\"https:\\\/\\\/1capricho.com\\\/wp-content\\\/uploads\\\/2019\\\/07\\\/logo-un-capricho-producciones-2.png\",\"width\":547,\"height\":198,\"caption\":\"Un Capricho de Producciones\"},\"image\":{\"@id\":\"https:\\\/\\\/1capricho.com\\\/#\\\/schema\\\/logo\\\/image\\\/\"},\"sameAs\":[\"https:\\\/\\\/x.com\\\/uncaprichode\",\"https:\\\/\\\/www.instagram.com\\\/uncaprichoproducciones\\\/\"]}]}<\/script>\n<!-- \/ Yoast SEO plugin. -->","yoast_head_json":{"title":"Pol\u00edtica de privacidad - Un Capricho de Producciones","robots":{"index":"noindex","follow":"nofollow"},"og_locale":"en_US","og_type":"article","og_title":"Pol\u00edtica de privacidad - Un Capricho de Producciones","og_description":"En cumplimiento de lo dispuesto en\u00a0la Ley Org\u00e1nica 15\/1999, de 13 de Diciembre, de Protecci\u00f3n de Datos [&hellip;]","og_url":"https:\/\/1capricho.com\/en\/politica-de-privacidad\/","og_site_name":"Un Capricho de Producciones","twitter_card":"summary_large_image","twitter_site":"@uncaprichode","twitter_misc":{"Est. reading time":"1 minute"},"schema":{"@context":"https:\/\/schema.org","@graph":[{"@type":"WebPage","@id":"https:\/\/1capricho.com\/en\/politica-de-privacidad\/","url":"https:\/\/1capricho.com\/en\/politica-de-privacidad\/","name":"Pol\u00edtica de privacidad - Un Capricho de Producciones","isPartOf":{"@id":"https:\/\/1capricho.com\/#website"},"datePublished":"2019-07-17T17:56:00+00:00","breadcrumb":{"@id":"https:\/\/1capricho.com\/en\/politica-de-privacidad\/#breadcrumb"},"inLanguage":"en-US","potentialAction":[{"@type":"ReadAction","target":["https:\/\/1capricho.com\/en\/politica-de-privacidad\/"]}]},{"@type":"BreadcrumbList","@id":"https:\/\/1capricho.com\/en\/politica-de-privacidad\/#breadcrumb","itemListElement":[{"@type":"ListItem","position":1,"name":"Portada","item":"https:\/\/1capricho.com\/en\/home-2\/"},{"@type":"ListItem","position":2,"name":"Pol\u00edtica de privacidad"}]},{"@type":"WebSite","@id":"https:\/\/1capricho.com\/#website","url":"https:\/\/1capricho.com\/","name":"Un Capricho de Producciones","description":"Grandes historias en pantallas de cualquier tama\u00f1o","publisher":{"@id":"https:\/\/1capricho.com\/#organization"},"potentialAction":[{"@type":"SearchAction","target":{"@type":"EntryPoint","urlTemplate":"https:\/\/1capricho.com\/?s={search_term_string}"},"query-input":{"@type":"PropertyValueSpecification","valueRequired":true,"valueName":"search_term_string"}}],"inLanguage":"en-US"},{"@type":"Organization","@id":"https:\/\/1capricho.com\/#organization","name":"Un Capricho de Producciones","url":"https:\/\/1capricho.com\/","logo":{"@type":"ImageObject","inLanguage":"en-US","@id":"https:\/\/1capricho.com\/#\/schema\/logo\/image\/","url":"https:\/\/1capricho.com\/wp-content\/uploads\/2019\/07\/logo-un-capricho-producciones-2.png","contentUrl":"https:\/\/1capricho.com\/wp-content\/uploads\/2019\/07\/logo-un-capricho-producciones-2.png","width":547,"height":198,"caption":"Un Capricho de Producciones"},"image":{"@id":"https:\/\/1capricho.com\/#\/schema\/logo\/image\/"},"sameAs":["https:\/\/x.com\/uncaprichode","https:\/\/www.instagram.com\/uncaprichoproducciones\/"]}]}},"_links":{"self":[{"href":"https:\/\/1capricho.com\/en\/wp-json\/wp\/v2\/pages\/4729","targetHints":{"allow":["GET"]}}],"collection":[{"href":"https:\/\/1capricho.com\/en\/wp-json\/wp\/v2\/pages"}],"about":[{"href":"https:\/\/1capricho.com\/en\/wp-json\/wp\/v2\/types\/page"}],"author":[{"embeddable":true,"href":"https:\/\/1capricho.com\/en\/wp-json\/wp\/v2\/users\/1"}],"replies":[{"embeddable":true,"href":"https:\/\/1capricho.com\/en\/wp-json\/wp\/v2\/comments?post=4729"}],"version-history":[{"count":0,"href":"https:\/\/1capricho.com\/en\/wp-json\/wp\/v2\/pages\/4729\/revisions"}],"wp:attachment":[{"href":"https:\/\/1capricho.com\/en\/wp-json\/wp\/v2\/media?parent=4729"}],"curies":[{"name":"wp","href":"https:\/\/api.w.org\/{rel}","templated":true}]}}