{"id":4716,"date":"2019-07-17T19:56:36","date_gmt":"2019-07-17T17:56:36","guid":{"rendered":"http:\/\/uncaprichoproducciones.com\/aviso-legal\/"},"modified":"2019-11-15T22:35:48","modified_gmt":"2019-11-15T21:35:48","slug":"aviso-legal","status":"publish","type":"page","link":"https:\/\/1capricho.com\/ca\/aviso-legal\/","title":{"rendered":"Aviso Legal"},"content":{"rendered":"<p><strong>De acuerdo con el art\u00edculo 10 de la Ley 34\/2002, de 11 de julio, de Servicios de la Sociedad de la Informaci\u00f3n y de Comercio Electr\u00f3nico ponemos a su disposici\u00f3n los siguientes datos:<\/strong><\/p>\n<p>Un Capricho de producciones S.L.\u00a0est\u00e1 domiciliada en la Calle Pelayo 12 \u2013 2E 08001 Barcelona, con CIF\u00a0B64795453. Inscrita en el Registro Mercantil de\u00a0Barcelona, Vol.\u00a04030, Folio\u00a0123, Hoja B-362918, Inscripci\u00f3n\u00a01<\/p>\n<p>En la web www.uncaprichoproducciones.com hay una serie de contenidos de car\u00e1cter informativo sobre las actividades de esta productora audiovisual.<\/p>\n<p><strong>Su principal objetivo<\/strong> es facilitar a los clientes y al p\u00fablico en general, la informaci\u00f3n relativa a la empresa, a los productos y servicios que se ofrecen.<\/p>\n<p>&nbsp;<\/p>\n<h4><strong>CONDICIONES DE USO<\/strong><\/h4>\n<p><strong>Las condiciones de acceso y uso del presente sitio web se rigen por la legalidad vigente y por el principio de buena fe<\/strong>\u00a0comprometi\u00e9ndose el usuario a realizar un buen uso de la web. No se permiten conductas que vayan contra la ley, los derechos o intereses de terceros.<\/p>\n<p>Ser usuario de la web de\u00a0(www.uncaprichoproducciones.com?)\u00a0implica que reconoce haber le\u00eddo y aceptado las presentes condiciones y lo que las extienda la normativa legal aplicable en esta materia. Si por el motivo que fuere no est\u00e1 de acuerdo con estas condiciones no contin\u00fae usando esta web.<\/p>\n<p><strong>Cualquier tipo de notificaci\u00f3n y\/o reclamaci\u00f3n solamente ser\u00e1 v\u00e1lida por notificaci\u00f3n escrita y\/o correo certificado.<\/strong><\/p>\n<p>&nbsp;<\/p>\n<h4><strong>RESPONSABILIDADES<\/strong><\/h4>\n<p>Un Capricho de Producciones S.L.\u00a0<strong>no se hace responsable de la informaci\u00f3n y contenidos almacenados en foros, redes sociales o cualesquier otro medio<\/strong>\u00a0que permita a terceros publicar contenidos de forma independiente en la p\u00e1gina web del prestador.<\/p>\n<p>Sin embargo, teniendo en cuenta los art. 11 y 16 de la LSSI-CE,\u00a0Un Capricho de Producciones S.L.<strong>\u00a0se compromete a la retirada o en su caso bloqueo de aquellos contenidos que pudieran afectar o contravenir la legislaci\u00f3n nacional o internacional<\/strong>, derechos de terceros o la moral y el orden p\u00fablico.<\/p>\n<p><strong>Tampoco la empresa se responsabilizar\u00e1 de los da\u00f1os y perjuicios que se produzcan por fallos o malas configuraciones del software instalado en el ordenador del internauta.<\/strong>\u00a0Se excluye toda responsabilidad por alguna incidencia t\u00e9cnica o fallo que se produzca cuando el usuario se conecte a internet. Igualmente no se garantiza la inexistencia de interrupciones o errores en el acceso al sitio web.<\/p>\n<p>As\u00ed mismo,\u00a0Un Capricho de Producciones S.L.\u00a0<strong>se reserva el derecho a actualizar, modificar o eliminar la informaci\u00f3n contenida en su p\u00e1gina web<\/strong>, as\u00ed como la configuraci\u00f3n o presentaci\u00f3n del mismo, en cualquier momento sin asumir alguna responsabilidad por ello.<\/p>\n<p>Le comunicamos que cualquier precio que pueda ver en nuestra web ser\u00e1 solamente orientativo. Si el usuario desea saber con exactitud el precio o si el producto en el momento actual cuenta con alguna oferta de la cual se puede beneficiar ha de acudir a alguna de las tiendas f\u00edsicas con las que cuenta\u00a0Un Capricho de Producciones S.L.<\/p>\n<p>&nbsp;<\/p>\n<h4><strong>PROPIEDAD INTELECTUAL E INDUSTRIAL<\/strong><\/h4>\n<p>Un Capricho de Producciones S.L.<strong> es titular de todos los derechos sobre el software de la publicaci\u00f3n digital as\u00ed como de los derechos de propiedad industrial e intelectual referidos a los contenidos que se incluyan<\/strong>, a excepci\u00f3n de los derechos sobre productos y servicios de car\u00e1cter p\u00fablico que no son propiedad de esta empresa.<\/p>\n<p><strong>Ning\u00fan material publicado en esta web podr\u00e1 ser reproducido, copiado o publicado<\/strong>\u00a0sin el consentimiento por escrito de\u00a0Un Capricho de Producciones S.L.<\/p>\n<p><strong>Toda la informaci\u00f3n que se reciba en la web, como comentarios, sugerencias o ideas, se considerar\u00e1 cedida<\/strong>\u00a0a\u00a0Un Capricho de Producciones S.L. de manera gratuita. No debe enviarse informaci\u00f3n que NO pueda ser tratada de este modo.<\/p>\n<p>Todos los productos y servicios de estas p\u00e1ginas que NO son propiedad de\u00a0Un Capricho de Producciones S.L.\u00a0son marcas registradas de sus respectivos propietarios y son reconocidas como tales por nuestra empresa. Solamente aparecen en la web de\u00a0Un Capricho de Producciones S.L.\u00a0a efectos de promoci\u00f3n y de recopilaci\u00f3n de informaci\u00f3n. Estos propietarios pueden solicitar la modificaci\u00f3n o eliminaci\u00f3n de la informaci\u00f3n que les pertenece.<\/p>\n<p>&nbsp;<\/p>\n<h4><strong>LEY APLICABLE Y JURISDICCI\u00d3N<\/strong><\/h4>\n<p><strong>Las presentes condiciones generales se rigen por la legislaci\u00f3n espa\u00f1ola.<\/strong>\u00a0Para cualquier litigio que pudiera surgir relacionado con el sitio web o la actividad que en \u00e9l se desarrolla ser\u00e1n competentes Juzgados de\u00a0Barcelona, renunciando expresamente el usuario a cualquier otro fuero que pudiera corresponderle.<\/p>\n","protected":false},"excerpt":{"rendered":"<p>De acuerdo con el art\u00edculo 10 de la Ley 34\/2002, de 11 de julio, de Servicios de [&hellip;]<\/p>\n","protected":false},"author":1,"featured_media":0,"parent":0,"menu_order":0,"comment_status":"closed","ping_status":"closed","template":"","meta":{"_acf_changed":false,"footnotes":""},"class_list":["post-4716","page","type-page","status-publish","hentry"],"acf":[],"yoast_head":"<!-- This site is optimized with the Yoast SEO plugin v27.4 - https:\/\/yoast.com\/product\/yoast-seo-wordpress\/ -->\n<title>Aviso Legal - Un Capricho de Producciones<\/title>\n<meta name=\"robots\" content=\"noindex, nofollow\" \/>\n<meta property=\"og:locale\" content=\"ca_ES\" \/>\n<meta property=\"og:type\" content=\"article\" \/>\n<meta property=\"og:title\" content=\"Aviso Legal - Un Capricho de Producciones\" \/>\n<meta property=\"og:description\" content=\"De acuerdo con el art\u00edculo 10 de la Ley 34\/2002, de 11 de julio, de Servicios de [&hellip;]\" \/>\n<meta property=\"og:url\" content=\"https:\/\/1capricho.com\/ca\/aviso-legal\/\" \/>\n<meta property=\"og:site_name\" content=\"Un Capricho de Producciones\" \/>\n<meta property=\"article:modified_time\" content=\"2019-11-15T21:35:48+00:00\" \/>\n<meta name=\"twitter:card\" content=\"summary_large_image\" \/>\n<meta name=\"twitter:site\" content=\"@uncaprichode\" \/>\n<meta name=\"twitter:label1\" content=\"Temps estimat de lectura\" \/>\n\t<meta name=\"twitter:data1\" content=\"4 minuts\" \/>\n<script type=\"application\/ld+json\" class=\"yoast-schema-graph\">{\"@context\":\"https:\\\/\\\/schema.org\",\"@graph\":[{\"@type\":\"WebPage\",\"@id\":\"https:\\\/\\\/1capricho.com\\\/ca\\\/aviso-legal\\\/\",\"url\":\"https:\\\/\\\/1capricho.com\\\/ca\\\/aviso-legal\\\/\",\"name\":\"Aviso Legal - Un Capricho de Producciones\",\"isPartOf\":{\"@id\":\"https:\\\/\\\/1capricho.com\\\/#website\"},\"datePublished\":\"2019-07-17T17:56:36+00:00\",\"dateModified\":\"2019-11-15T21:35:48+00:00\",\"breadcrumb\":{\"@id\":\"https:\\\/\\\/1capricho.com\\\/ca\\\/aviso-legal\\\/#breadcrumb\"},\"inLanguage\":\"ca\",\"potentialAction\":[{\"@type\":\"ReadAction\",\"target\":[\"https:\\\/\\\/1capricho.com\\\/ca\\\/aviso-legal\\\/\"]}]},{\"@type\":\"BreadcrumbList\",\"@id\":\"https:\\\/\\\/1capricho.com\\\/ca\\\/aviso-legal\\\/#breadcrumb\",\"itemListElement\":[{\"@type\":\"ListItem\",\"position\":1,\"name\":\"Portada\",\"item\":\"https:\\\/\\\/1capricho.com\\\/ca\\\/home-2\\\/\"},{\"@type\":\"ListItem\",\"position\":2,\"name\":\"Aviso Legal\"}]},{\"@type\":\"WebSite\",\"@id\":\"https:\\\/\\\/1capricho.com\\\/#website\",\"url\":\"https:\\\/\\\/1capricho.com\\\/\",\"name\":\"Un Capricho de Producciones\",\"description\":\"Grandes historias en pantallas de cualquier tama\u00f1o\",\"publisher\":{\"@id\":\"https:\\\/\\\/1capricho.com\\\/#organization\"},\"potentialAction\":[{\"@type\":\"SearchAction\",\"target\":{\"@type\":\"EntryPoint\",\"urlTemplate\":\"https:\\\/\\\/1capricho.com\\\/?s={search_term_string}\"},\"query-input\":{\"@type\":\"PropertyValueSpecification\",\"valueRequired\":true,\"valueName\":\"search_term_string\"}}],\"inLanguage\":\"ca\"},{\"@type\":\"Organization\",\"@id\":\"https:\\\/\\\/1capricho.com\\\/#organization\",\"name\":\"Un Capricho de Producciones\",\"url\":\"https:\\\/\\\/1capricho.com\\\/\",\"logo\":{\"@type\":\"ImageObject\",\"inLanguage\":\"ca\",\"@id\":\"https:\\\/\\\/1capricho.com\\\/#\\\/schema\\\/logo\\\/image\\\/\",\"url\":\"https:\\\/\\\/1capricho.com\\\/wp-content\\\/uploads\\\/2019\\\/07\\\/logo-un-capricho-producciones-2.png\",\"contentUrl\":\"https:\\\/\\\/1capricho.com\\\/wp-content\\\/uploads\\\/2019\\\/07\\\/logo-un-capricho-producciones-2.png\",\"width\":547,\"height\":198,\"caption\":\"Un Capricho de Producciones\"},\"image\":{\"@id\":\"https:\\\/\\\/1capricho.com\\\/#\\\/schema\\\/logo\\\/image\\\/\"},\"sameAs\":[\"https:\\\/\\\/x.com\\\/uncaprichode\",\"https:\\\/\\\/www.instagram.com\\\/uncaprichoproducciones\\\/\"]}]}<\/script>\n<!-- \/ Yoast SEO plugin. -->","yoast_head_json":{"title":"Aviso Legal - Un Capricho de Producciones","robots":{"index":"noindex","follow":"nofollow"},"og_locale":"ca_ES","og_type":"article","og_title":"Aviso Legal - Un Capricho de Producciones","og_description":"De acuerdo con el art\u00edculo 10 de la Ley 34\/2002, de 11 de julio, de Servicios de [&hellip;]","og_url":"https:\/\/1capricho.com\/ca\/aviso-legal\/","og_site_name":"Un Capricho de Producciones","article_modified_time":"2019-11-15T21:35:48+00:00","twitter_card":"summary_large_image","twitter_site":"@uncaprichode","twitter_misc":{"Temps estimat de lectura":"4 minuts"},"schema":{"@context":"https:\/\/schema.org","@graph":[{"@type":"WebPage","@id":"https:\/\/1capricho.com\/ca\/aviso-legal\/","url":"https:\/\/1capricho.com\/ca\/aviso-legal\/","name":"Aviso Legal - Un Capricho de Producciones","isPartOf":{"@id":"https:\/\/1capricho.com\/#website"},"datePublished":"2019-07-17T17:56:36+00:00","dateModified":"2019-11-15T21:35:48+00:00","breadcrumb":{"@id":"https:\/\/1capricho.com\/ca\/aviso-legal\/#breadcrumb"},"inLanguage":"ca","potentialAction":[{"@type":"ReadAction","target":["https:\/\/1capricho.com\/ca\/aviso-legal\/"]}]},{"@type":"BreadcrumbList","@id":"https:\/\/1capricho.com\/ca\/aviso-legal\/#breadcrumb","itemListElement":[{"@type":"ListItem","position":1,"name":"Portada","item":"https:\/\/1capricho.com\/ca\/home-2\/"},{"@type":"ListItem","position":2,"name":"Aviso Legal"}]},{"@type":"WebSite","@id":"https:\/\/1capricho.com\/#website","url":"https:\/\/1capricho.com\/","name":"Un Capricho de Producciones","description":"Grandes historias en pantallas de cualquier tama\u00f1o","publisher":{"@id":"https:\/\/1capricho.com\/#organization"},"potentialAction":[{"@type":"SearchAction","target":{"@type":"EntryPoint","urlTemplate":"https:\/\/1capricho.com\/?s={search_term_string}"},"query-input":{"@type":"PropertyValueSpecification","valueRequired":true,"valueName":"search_term_string"}}],"inLanguage":"ca"},{"@type":"Organization","@id":"https:\/\/1capricho.com\/#organization","name":"Un Capricho de Producciones","url":"https:\/\/1capricho.com\/","logo":{"@type":"ImageObject","inLanguage":"ca","@id":"https:\/\/1capricho.com\/#\/schema\/logo\/image\/","url":"https:\/\/1capricho.com\/wp-content\/uploads\/2019\/07\/logo-un-capricho-producciones-2.png","contentUrl":"https:\/\/1capricho.com\/wp-content\/uploads\/2019\/07\/logo-un-capricho-producciones-2.png","width":547,"height":198,"caption":"Un Capricho de Producciones"},"image":{"@id":"https:\/\/1capricho.com\/#\/schema\/logo\/image\/"},"sameAs":["https:\/\/x.com\/uncaprichode","https:\/\/www.instagram.com\/uncaprichoproducciones\/"]}]}},"_links":{"self":[{"href":"https:\/\/1capricho.com\/ca\/wp-json\/wp\/v2\/pages\/4716","targetHints":{"allow":["GET"]}}],"collection":[{"href":"https:\/\/1capricho.com\/ca\/wp-json\/wp\/v2\/pages"}],"about":[{"href":"https:\/\/1capricho.com\/ca\/wp-json\/wp\/v2\/types\/page"}],"author":[{"embeddable":true,"href":"https:\/\/1capricho.com\/ca\/wp-json\/wp\/v2\/users\/1"}],"replies":[{"embeddable":true,"href":"https:\/\/1capricho.com\/ca\/wp-json\/wp\/v2\/comments?post=4716"}],"version-history":[{"count":0,"href":"https:\/\/1capricho.com\/ca\/wp-json\/wp\/v2\/pages\/4716\/revisions"}],"wp:attachment":[{"href":"https:\/\/1capricho.com\/ca\/wp-json\/wp\/v2\/media?parent=4716"}],"curies":[{"name":"wp","href":"https:\/\/api.w.org\/{rel}","templated":true}]}}